{"id":15,"date":"2025-04-07T15:44:48","date_gmt":"2025-04-07T15:44:48","guid":{"rendered":"https:\/\/scestrada.pt\/?page_id=15"},"modified":"2025-04-09T16:12:43","modified_gmt":"2025-04-09T16:12:43","slug":"campismo","status":"publish","type":"page","link":"https:\/\/scestrada.pt\/index.php\/campismo\/","title":{"rendered":"Campismo"},"content":{"rendered":"\n<p>O Parque de Campismo do Sporting Clube da Estrada situa-se no Lugar da Estrada, junto \u00e0 praia da Consola\u00e7\u00e3o,  perto de outras praias de refer\u00eancia da regi\u00e3o Oeste e perto de Peniche.<\/p>\n\n\n\n<p>Disp\u00f5e de in\u00fameros espa\u00e7os para campismo e caravanismo e de um vasto conjunto de servi\u00e7os de apoio ao campista.<br>Para al\u00e9m de espa\u00e7os destinados \u00e0 pr\u00e1tica do campismo e caravanismo tradicionais, este parque disp\u00f5e tamb\u00e9m de alojamentos que lhes proporcionar\u00e3o mais conforto durante as suas f\u00e9rias e fins de semana.<\/p>\n\n\n\n<!--more-->\n\n\n\n<p>Situado num meio onde pode desfrutar as magn\u00edficas paisagens que combinam a vastid\u00e3o do mar com um enorme e extenso areal com vista para as Berlengas.<\/p>\n\n\n\n<p>Para os que gostam de caminhar, existem trilhos  junto ao mar e alguns trilhos que combinam as paisagens da terra e do mar.<\/p>\n\n\n\n<p>Para os mais jovens e radicais, existem diversos trilhos de BTT e condi\u00e7\u00f5es excelentes para a pr\u00e1tica de parapente e de desportos n\u00e1uticos, nomeadamente o surf.<\/p>\n\n\n\n<figure class=\"wp-block-gallery has-nested-images columns-default is-cropped wp-block-gallery-1 is-layout-flex wp-block-gallery-is-layout-flex\">\n<figure data-wp-context=\"{&quot;imageId&quot;:&quot;69f4ce2127a3d&quot;}\" data-wp-interactive=\"core\/image\" data-wp-key=\"69f4ce2127a3d\" class=\"wp-block-image size-large wp-lightbox-container\"><img loading=\"lazy\" decoding=\"async\" width=\"800\" height=\"600\" data-wp-class--hide=\"state.isContentHidden\" data-wp-class--show=\"state.isContentVisible\" data-wp-init=\"callbacks.setButtonStyles\" data-wp-on--click=\"actions.showLightbox\" data-wp-on--load=\"callbacks.setButtonStyles\" data-wp-on-window--resize=\"callbacks.setButtonStyles\" data-id=\"115\" src=\"https:\/\/scestrada.pt\/wp-content\/uploads\/2025\/04\/scecamp1.jpg\" alt=\"\" class=\"wp-image-115\" srcset=\"https:\/\/scestrada.pt\/wp-content\/uploads\/2025\/04\/scecamp1.jpg 800w, https:\/\/scestrada.pt\/wp-content\/uploads\/2025\/04\/scecamp1-300x225.jpg 300w, https:\/\/scestrada.pt\/wp-content\/uploads\/2025\/04\/scecamp1-768x576.jpg 768w\" sizes=\"auto, (max-width: 706px) 89vw, (max-width: 767px) 82vw, 740px\" \/><button\n\t\t\tclass=\"lightbox-trigger\"\n\t\t\ttype=\"button\"\n\t\t\taria-haspopup=\"dialog\"\n\t\t\taria-label=\"Ampliar\"\n\t\t\tdata-wp-init=\"callbacks.initTriggerButton\"\n\t\t\tdata-wp-on--click=\"actions.showLightbox\"\n\t\t\tdata-wp-style--right=\"state.imageButtonRight\"\n\t\t\tdata-wp-style--top=\"state.imageButtonTop\"\n\t\t>\n\t\t\t<svg xmlns=\"http:\/\/www.w3.org\/2000\/svg\" width=\"12\" height=\"12\" fill=\"none\" viewBox=\"0 0 12 12\">\n\t\t\t\t<path fill=\"#fff\" d=\"M2 0a2 2 0 0 0-2 2v2h1.5V2a.5.5 0 0 1 .5-.5h2V0H2Zm2 10.5H2a.5.5 0 0 1-.5-.5V8H0v2a2 2 0 0 0 2 2h2v-1.5ZM8 12v-1.5h2a.5.5 0 0 0 .5-.5V8H12v2a2 2 0 0 1-2 2H8Zm2-12a2 2 0 0 1 2 2v2h-1.5V2a.5.5 0 0 0-.5-.5H8V0h2Z\" \/>\n\t\t\t<\/svg>\n\t\t<\/button><\/figure>\n\n\n\n<figure data-wp-context=\"{&quot;imageId&quot;:&quot;69f4ce2128721&quot;}\" data-wp-interactive=\"core\/image\" data-wp-key=\"69f4ce2128721\" class=\"wp-block-image size-large wp-lightbox-container\"><img loading=\"lazy\" decoding=\"async\" width=\"800\" height=\"600\" data-wp-class--hide=\"state.isContentHidden\" data-wp-class--show=\"state.isContentVisible\" data-wp-init=\"callbacks.setButtonStyles\" data-wp-on--click=\"actions.showLightbox\" data-wp-on--load=\"callbacks.setButtonStyles\" data-wp-on-window--resize=\"callbacks.setButtonStyles\" data-id=\"108\" src=\"https:\/\/scestrada.pt\/wp-content\/uploads\/2025\/04\/scecamp2.jpg\" alt=\"\" class=\"wp-image-108\" srcset=\"https:\/\/scestrada.pt\/wp-content\/uploads\/2025\/04\/scecamp2.jpg 800w, https:\/\/scestrada.pt\/wp-content\/uploads\/2025\/04\/scecamp2-300x225.jpg 300w, https:\/\/scestrada.pt\/wp-content\/uploads\/2025\/04\/scecamp2-768x576.jpg 768w\" sizes=\"auto, (max-width: 706px) 89vw, (max-width: 767px) 82vw, 740px\" \/><button\n\t\t\tclass=\"lightbox-trigger\"\n\t\t\ttype=\"button\"\n\t\t\taria-haspopup=\"dialog\"\n\t\t\taria-label=\"Ampliar\"\n\t\t\tdata-wp-init=\"callbacks.initTriggerButton\"\n\t\t\tdata-wp-on--click=\"actions.showLightbox\"\n\t\t\tdata-wp-style--right=\"state.imageButtonRight\"\n\t\t\tdata-wp-style--top=\"state.imageButtonTop\"\n\t\t>\n\t\t\t<svg xmlns=\"http:\/\/www.w3.org\/2000\/svg\" width=\"12\" height=\"12\" fill=\"none\" viewBox=\"0 0 12 12\">\n\t\t\t\t<path fill=\"#fff\" d=\"M2 0a2 2 0 0 0-2 2v2h1.5V2a.5.5 0 0 1 .5-.5h2V0H2Zm2 10.5H2a.5.5 0 0 1-.5-.5V8H0v2a2 2 0 0 0 2 2h2v-1.5ZM8 12v-1.5h2a.5.5 0 0 0 .5-.5V8H12v2a2 2 0 0 1-2 2H8Zm2-12a2 2 0 0 1 2 2v2h-1.5V2a.5.5 0 0 0-.5-.5H8V0h2Z\" \/>\n\t\t\t<\/svg>\n\t\t<\/button><\/figure>\n\n\n\n<figure data-wp-context=\"{&quot;imageId&quot;:&quot;69f4ce2128c6c&quot;}\" data-wp-interactive=\"core\/image\" data-wp-key=\"69f4ce2128c6c\" class=\"wp-block-image size-large wp-lightbox-container\"><img loading=\"lazy\" decoding=\"async\" width=\"800\" height=\"600\" data-wp-class--hide=\"state.isContentHidden\" data-wp-class--show=\"state.isContentVisible\" data-wp-init=\"callbacks.setButtonStyles\" data-wp-on--click=\"actions.showLightbox\" data-wp-on--load=\"callbacks.setButtonStyles\" data-wp-on-window--resize=\"callbacks.setButtonStyles\" data-id=\"113\" src=\"https:\/\/scestrada.pt\/wp-content\/uploads\/2025\/04\/scecamp3.jpg\" alt=\"\" class=\"wp-image-113\" srcset=\"https:\/\/scestrada.pt\/wp-content\/uploads\/2025\/04\/scecamp3.jpg 800w, https:\/\/scestrada.pt\/wp-content\/uploads\/2025\/04\/scecamp3-300x225.jpg 300w, https:\/\/scestrada.pt\/wp-content\/uploads\/2025\/04\/scecamp3-768x576.jpg 768w\" sizes=\"auto, (max-width: 706px) 89vw, (max-width: 767px) 82vw, 740px\" \/><button\n\t\t\tclass=\"lightbox-trigger\"\n\t\t\ttype=\"button\"\n\t\t\taria-haspopup=\"dialog\"\n\t\t\taria-label=\"Ampliar\"\n\t\t\tdata-wp-init=\"callbacks.initTriggerButton\"\n\t\t\tdata-wp-on--click=\"actions.showLightbox\"\n\t\t\tdata-wp-style--right=\"state.imageButtonRight\"\n\t\t\tdata-wp-style--top=\"state.imageButtonTop\"\n\t\t>\n\t\t\t<svg xmlns=\"http:\/\/www.w3.org\/2000\/svg\" width=\"12\" height=\"12\" fill=\"none\" viewBox=\"0 0 12 12\">\n\t\t\t\t<path fill=\"#fff\" d=\"M2 0a2 2 0 0 0-2 2v2h1.5V2a.5.5 0 0 1 .5-.5h2V0H2Zm2 10.5H2a.5.5 0 0 1-.5-.5V8H0v2a2 2 0 0 0 2 2h2v-1.5ZM8 12v-1.5h2a.5.5 0 0 0 .5-.5V8H12v2a2 2 0 0 1-2 2H8Zm2-12a2 2 0 0 1 2 2v2h-1.5V2a.5.5 0 0 0-.5-.5H8V0h2Z\" \/>\n\t\t\t<\/svg>\n\t\t<\/button><\/figure>\n\n\n\n<figure data-wp-context=\"{&quot;imageId&quot;:&quot;69f4ce212908e&quot;}\" data-wp-interactive=\"core\/image\" data-wp-key=\"69f4ce212908e\" class=\"wp-block-image size-large wp-lightbox-container\"><img loading=\"lazy\" decoding=\"async\" width=\"800\" height=\"600\" data-wp-class--hide=\"state.isContentHidden\" data-wp-class--show=\"state.isContentVisible\" data-wp-init=\"callbacks.setButtonStyles\" data-wp-on--click=\"actions.showLightbox\" data-wp-on--load=\"callbacks.setButtonStyles\" data-wp-on-window--resize=\"callbacks.setButtonStyles\" data-id=\"114\" src=\"https:\/\/scestrada.pt\/wp-content\/uploads\/2025\/04\/scecamp4.jpg\" alt=\"\" class=\"wp-image-114\" srcset=\"https:\/\/scestrada.pt\/wp-content\/uploads\/2025\/04\/scecamp4.jpg 800w, https:\/\/scestrada.pt\/wp-content\/uploads\/2025\/04\/scecamp4-300x225.jpg 300w, https:\/\/scestrada.pt\/wp-content\/uploads\/2025\/04\/scecamp4-768x576.jpg 768w\" sizes=\"auto, (max-width: 706px) 89vw, (max-width: 767px) 82vw, 740px\" \/><button\n\t\t\tclass=\"lightbox-trigger\"\n\t\t\ttype=\"button\"\n\t\t\taria-haspopup=\"dialog\"\n\t\t\taria-label=\"Ampliar\"\n\t\t\tdata-wp-init=\"callbacks.initTriggerButton\"\n\t\t\tdata-wp-on--click=\"actions.showLightbox\"\n\t\t\tdata-wp-style--right=\"state.imageButtonRight\"\n\t\t\tdata-wp-style--top=\"state.imageButtonTop\"\n\t\t>\n\t\t\t<svg xmlns=\"http:\/\/www.w3.org\/2000\/svg\" width=\"12\" height=\"12\" fill=\"none\" viewBox=\"0 0 12 12\">\n\t\t\t\t<path fill=\"#fff\" d=\"M2 0a2 2 0 0 0-2 2v2h1.5V2a.5.5 0 0 1 .5-.5h2V0H2Zm2 10.5H2a.5.5 0 0 1-.5-.5V8H0v2a2 2 0 0 0 2 2h2v-1.5ZM8 12v-1.5h2a.5.5 0 0 0 .5-.5V8H12v2a2 2 0 0 1-2 2H8Zm2-12a2 2 0 0 1 2 2v2h-1.5V2a.5.5 0 0 0-.5-.5H8V0h2Z\" \/>\n\t\t\t<\/svg>\n\t\t<\/button><\/figure>\n\n\n\n<figure data-wp-context=\"{&quot;imageId&quot;:&quot;69f4ce21294d6&quot;}\" data-wp-interactive=\"core\/image\" data-wp-key=\"69f4ce21294d6\" class=\"wp-block-image size-large wp-lightbox-container\"><img loading=\"lazy\" decoding=\"async\" width=\"800\" height=\"600\" data-wp-class--hide=\"state.isContentHidden\" data-wp-class--show=\"state.isContentVisible\" data-wp-init=\"callbacks.setButtonStyles\" data-wp-on--click=\"actions.showLightbox\" data-wp-on--load=\"callbacks.setButtonStyles\" data-wp-on-window--resize=\"callbacks.setButtonStyles\" data-id=\"109\" src=\"https:\/\/scestrada.pt\/wp-content\/uploads\/2025\/04\/scecamp5.jpg\" alt=\"\" class=\"wp-image-109\" srcset=\"https:\/\/scestrada.pt\/wp-content\/uploads\/2025\/04\/scecamp5.jpg 800w, https:\/\/scestrada.pt\/wp-content\/uploads\/2025\/04\/scecamp5-300x225.jpg 300w, https:\/\/scestrada.pt\/wp-content\/uploads\/2025\/04\/scecamp5-768x576.jpg 768w\" sizes=\"auto, (max-width: 706px) 89vw, (max-width: 767px) 82vw, 740px\" \/><button\n\t\t\tclass=\"lightbox-trigger\"\n\t\t\ttype=\"button\"\n\t\t\taria-haspopup=\"dialog\"\n\t\t\taria-label=\"Ampliar\"\n\t\t\tdata-wp-init=\"callbacks.initTriggerButton\"\n\t\t\tdata-wp-on--click=\"actions.showLightbox\"\n\t\t\tdata-wp-style--right=\"state.imageButtonRight\"\n\t\t\tdata-wp-style--top=\"state.imageButtonTop\"\n\t\t>\n\t\t\t<svg xmlns=\"http:\/\/www.w3.org\/2000\/svg\" width=\"12\" height=\"12\" fill=\"none\" viewBox=\"0 0 12 12\">\n\t\t\t\t<path fill=\"#fff\" d=\"M2 0a2 2 0 0 0-2 2v2h1.5V2a.5.5 0 0 1 .5-.5h2V0H2Zm2 10.5H2a.5.5 0 0 1-.5-.5V8H0v2a2 2 0 0 0 2 2h2v-1.5ZM8 12v-1.5h2a.5.5 0 0 0 .5-.5V8H12v2a2 2 0 0 1-2 2H8Zm2-12a2 2 0 0 1 2 2v2h-1.5V2a.5.5 0 0 0-.5-.5H8V0h2Z\" \/>\n\t\t\t<\/svg>\n\t\t<\/button><\/figure>\n\n\n\n<figure data-wp-context=\"{&quot;imageId&quot;:&quot;69f4ce212992b&quot;}\" data-wp-interactive=\"core\/image\" data-wp-key=\"69f4ce212992b\" class=\"wp-block-image size-large wp-lightbox-container\"><img loading=\"lazy\" decoding=\"async\" width=\"800\" height=\"600\" data-wp-class--hide=\"state.isContentHidden\" data-wp-class--show=\"state.isContentVisible\" data-wp-init=\"callbacks.setButtonStyles\" data-wp-on--click=\"actions.showLightbox\" data-wp-on--load=\"callbacks.setButtonStyles\" data-wp-on-window--resize=\"callbacks.setButtonStyles\" data-id=\"111\" src=\"https:\/\/scestrada.pt\/wp-content\/uploads\/2025\/04\/scecamp6.jpg\" alt=\"\" class=\"wp-image-111\" srcset=\"https:\/\/scestrada.pt\/wp-content\/uploads\/2025\/04\/scecamp6.jpg 800w, https:\/\/scestrada.pt\/wp-content\/uploads\/2025\/04\/scecamp6-300x225.jpg 300w, https:\/\/scestrada.pt\/wp-content\/uploads\/2025\/04\/scecamp6-768x576.jpg 768w\" sizes=\"auto, (max-width: 706px) 89vw, (max-width: 767px) 82vw, 740px\" \/><button\n\t\t\tclass=\"lightbox-trigger\"\n\t\t\ttype=\"button\"\n\t\t\taria-haspopup=\"dialog\"\n\t\t\taria-label=\"Ampliar\"\n\t\t\tdata-wp-init=\"callbacks.initTriggerButton\"\n\t\t\tdata-wp-on--click=\"actions.showLightbox\"\n\t\t\tdata-wp-style--right=\"state.imageButtonRight\"\n\t\t\tdata-wp-style--top=\"state.imageButtonTop\"\n\t\t>\n\t\t\t<svg xmlns=\"http:\/\/www.w3.org\/2000\/svg\" width=\"12\" height=\"12\" fill=\"none\" viewBox=\"0 0 12 12\">\n\t\t\t\t<path fill=\"#fff\" d=\"M2 0a2 2 0 0 0-2 2v2h1.5V2a.5.5 0 0 1 .5-.5h2V0H2Zm2 10.5H2a.5.5 0 0 1-.5-.5V8H0v2a2 2 0 0 0 2 2h2v-1.5ZM8 12v-1.5h2a.5.5 0 0 0 .5-.5V8H12v2a2 2 0 0 1-2 2H8Zm2-12a2 2 0 0 1 2 2v2h-1.5V2a.5.5 0 0 0-.5-.5H8V0h2Z\" \/>\n\t\t\t<\/svg>\n\t\t<\/button><\/figure>\n\n\n\n<figure data-wp-context=\"{&quot;imageId&quot;:&quot;69f4ce2129d54&quot;}\" data-wp-interactive=\"core\/image\" data-wp-key=\"69f4ce2129d54\" class=\"wp-block-image size-large wp-lightbox-container\"><img loading=\"lazy\" decoding=\"async\" width=\"800\" height=\"600\" data-wp-class--hide=\"state.isContentHidden\" data-wp-class--show=\"state.isContentVisible\" data-wp-init=\"callbacks.setButtonStyles\" data-wp-on--click=\"actions.showLightbox\" data-wp-on--load=\"callbacks.setButtonStyles\" data-wp-on-window--resize=\"callbacks.setButtonStyles\" data-id=\"112\" src=\"https:\/\/scestrada.pt\/wp-content\/uploads\/2025\/04\/scecamp7.jpg\" alt=\"\" class=\"wp-image-112\" srcset=\"https:\/\/scestrada.pt\/wp-content\/uploads\/2025\/04\/scecamp7.jpg 800w, https:\/\/scestrada.pt\/wp-content\/uploads\/2025\/04\/scecamp7-300x225.jpg 300w, https:\/\/scestrada.pt\/wp-content\/uploads\/2025\/04\/scecamp7-768x576.jpg 768w\" sizes=\"auto, (max-width: 706px) 89vw, (max-width: 767px) 82vw, 740px\" \/><button\n\t\t\tclass=\"lightbox-trigger\"\n\t\t\ttype=\"button\"\n\t\t\taria-haspopup=\"dialog\"\n\t\t\taria-label=\"Ampliar\"\n\t\t\tdata-wp-init=\"callbacks.initTriggerButton\"\n\t\t\tdata-wp-on--click=\"actions.showLightbox\"\n\t\t\tdata-wp-style--right=\"state.imageButtonRight\"\n\t\t\tdata-wp-style--top=\"state.imageButtonTop\"\n\t\t>\n\t\t\t<svg xmlns=\"http:\/\/www.w3.org\/2000\/svg\" width=\"12\" height=\"12\" fill=\"none\" viewBox=\"0 0 12 12\">\n\t\t\t\t<path fill=\"#fff\" d=\"M2 0a2 2 0 0 0-2 2v2h1.5V2a.5.5 0 0 1 .5-.5h2V0H2Zm2 10.5H2a.5.5 0 0 1-.5-.5V8H0v2a2 2 0 0 0 2 2h2v-1.5ZM8 12v-1.5h2a.5.5 0 0 0 .5-.5V8H12v2a2 2 0 0 1-2 2H8Zm2-12a2 2 0 0 1 2 2v2h-1.5V2a.5.5 0 0 0-.5-.5H8V0h2Z\" \/>\n\t\t\t<\/svg>\n\t\t<\/button><\/figure>\n\n\n\n<figure data-wp-context=\"{&quot;imageId&quot;:&quot;69f4ce212a19d&quot;}\" data-wp-interactive=\"core\/image\" data-wp-key=\"69f4ce212a19d\" class=\"wp-block-image size-full wp-lightbox-container\"><img loading=\"lazy\" decoding=\"async\" width=\"800\" height=\"600\" data-wp-class--hide=\"state.isContentHidden\" data-wp-class--show=\"state.isContentVisible\" data-wp-init=\"callbacks.setButtonStyles\" data-wp-on--click=\"actions.showLightbox\" data-wp-on--load=\"callbacks.setButtonStyles\" data-wp-on-window--resize=\"callbacks.setButtonStyles\" data-id=\"107\" src=\"https:\/\/scestrada.pt\/wp-content\/uploads\/2025\/04\/scecamp8.jpg\" alt=\"\" class=\"wp-image-107\" srcset=\"https:\/\/scestrada.pt\/wp-content\/uploads\/2025\/04\/scecamp8.jpg 800w, https:\/\/scestrada.pt\/wp-content\/uploads\/2025\/04\/scecamp8-300x225.jpg 300w, https:\/\/scestrada.pt\/wp-content\/uploads\/2025\/04\/scecamp8-768x576.jpg 768w\" sizes=\"auto, (max-width: 706px) 89vw, (max-width: 767px) 82vw, 740px\" \/><button\n\t\t\tclass=\"lightbox-trigger\"\n\t\t\ttype=\"button\"\n\t\t\taria-haspopup=\"dialog\"\n\t\t\taria-label=\"Ampliar\"\n\t\t\tdata-wp-init=\"callbacks.initTriggerButton\"\n\t\t\tdata-wp-on--click=\"actions.showLightbox\"\n\t\t\tdata-wp-style--right=\"state.imageButtonRight\"\n\t\t\tdata-wp-style--top=\"state.imageButtonTop\"\n\t\t>\n\t\t\t<svg xmlns=\"http:\/\/www.w3.org\/2000\/svg\" width=\"12\" height=\"12\" fill=\"none\" viewBox=\"0 0 12 12\">\n\t\t\t\t<path fill=\"#fff\" d=\"M2 0a2 2 0 0 0-2 2v2h1.5V2a.5.5 0 0 1 .5-.5h2V0H2Zm2 10.5H2a.5.5 0 0 1-.5-.5V8H0v2a2 2 0 0 0 2 2h2v-1.5ZM8 12v-1.5h2a.5.5 0 0 0 .5-.5V8H12v2a2 2 0 0 1-2 2H8Zm2-12a2 2 0 0 1 2 2v2h-1.5V2a.5.5 0 0 0-.5-.5H8V0h2Z\" \/>\n\t\t\t<\/svg>\n\t\t<\/button><\/figure>\n\n\n\n<figure data-wp-context=\"{&quot;imageId&quot;:&quot;69f4ce212a584&quot;}\" data-wp-interactive=\"core\/image\" data-wp-key=\"69f4ce212a584\" class=\"wp-block-image size-large wp-lightbox-container\"><img loading=\"lazy\" decoding=\"async\" width=\"600\" height=\"800\" data-wp-class--hide=\"state.isContentHidden\" data-wp-class--show=\"state.isContentVisible\" data-wp-init=\"callbacks.setButtonStyles\" data-wp-on--click=\"actions.showLightbox\" data-wp-on--load=\"callbacks.setButtonStyles\" data-wp-on-window--resize=\"callbacks.setButtonStyles\" data-id=\"110\" src=\"https:\/\/scestrada.pt\/wp-content\/uploads\/2025\/04\/scecamp9.jpg\" alt=\"\" class=\"wp-image-110\" srcset=\"https:\/\/scestrada.pt\/wp-content\/uploads\/2025\/04\/scecamp9.jpg 600w, https:\/\/scestrada.pt\/wp-content\/uploads\/2025\/04\/scecamp9-225x300.jpg 225w\" sizes=\"auto, (max-width: 600px) 100vw, 600px\" \/><button\n\t\t\tclass=\"lightbox-trigger\"\n\t\t\ttype=\"button\"\n\t\t\taria-haspopup=\"dialog\"\n\t\t\taria-label=\"Ampliar\"\n\t\t\tdata-wp-init=\"callbacks.initTriggerButton\"\n\t\t\tdata-wp-on--click=\"actions.showLightbox\"\n\t\t\tdata-wp-style--right=\"state.imageButtonRight\"\n\t\t\tdata-wp-style--top=\"state.imageButtonTop\"\n\t\t>\n\t\t\t<svg xmlns=\"http:\/\/www.w3.org\/2000\/svg\" width=\"12\" height=\"12\" fill=\"none\" viewBox=\"0 0 12 12\">\n\t\t\t\t<path fill=\"#fff\" d=\"M2 0a2 2 0 0 0-2 2v2h1.5V2a.5.5 0 0 1 .5-.5h2V0H2Zm2 10.5H2a.5.5 0 0 1-.5-.5V8H0v2a2 2 0 0 0 2 2h2v-1.5ZM8 12v-1.5h2a.5.5 0 0 0 .5-.5V8H12v2a2 2 0 0 1-2 2H8Zm2-12a2 2 0 0 1 2 2v2h-1.5V2a.5.5 0 0 0-.5-.5H8V0h2Z\" \/>\n\t\t\t<\/svg>\n\t\t<\/button><\/figure>\n<\/figure>\n\n\n\n<p><\/p>\n","protected":false},"excerpt":{"rendered":"<p>O Parque de Campismo do Sporting Clube da Estrada situa-se no Lugar da Estrada, junto \u00e0 praia da Consola\u00e7\u00e3o, perto de outras praias de refer\u00eancia da regi\u00e3o Oeste e perto de Peniche. Disp\u00f5e de in\u00fameros espa\u00e7os para campismo e caravanismo e de um vasto conjunto de servi\u00e7os de apoio ao campista.Para al\u00e9m de espa\u00e7os destinados &hellip; <\/p>\n<p class=\"link-more\"><a href=\"https:\/\/scestrada.pt\/index.php\/campismo\/\" class=\"more-link\">Continuar a ler <span class=\"screen-reader-text\">&#8220;Campismo&#8221;<\/span><\/a><\/p>\n","protected":false},"author":1,"featured_media":88,"parent":0,"menu_order":0,"comment_status":"closed","ping_status":"closed","template":"","meta":{"footnotes":""},"class_list":["post-15","page","type-page","status-publish","has-post-thumbnail","hentry"],"yoast_head":"<!-- This site is optimized with the Yoast SEO plugin v24.8.1 - https:\/\/yoast.com\/wordpress\/plugins\/seo\/ -->\n<title>Campismo - Sporting Clube da Estrada<\/title>\n<meta name=\"robots\" content=\"index, follow, max-snippet:-1, max-image-preview:large, max-video-preview:-1\" \/>\n<link rel=\"canonical\" href=\"https:\/\/scestrada.pt\/index.php\/campismo\/\" \/>\n<meta property=\"og:locale\" content=\"pt_PT\" \/>\n<meta property=\"og:type\" content=\"article\" \/>\n<meta property=\"og:title\" content=\"Campismo - Sporting Clube da Estrada\" \/>\n<meta property=\"og:description\" content=\"O Parque de Campismo do Sporting Clube da Estrada situa-se no Lugar da Estrada, junto \u00e0 praia da Consola\u00e7\u00e3o, perto de outras praias de refer\u00eancia da regi\u00e3o Oeste e perto de Peniche. Disp\u00f5e de in\u00fameros espa\u00e7os para campismo e caravanismo e de um vasto conjunto de servi\u00e7os de apoio ao campista.Para al\u00e9m de espa\u00e7os destinados &hellip; Continuar a ler &quot;Campismo&quot;\" \/>\n<meta property=\"og:url\" content=\"https:\/\/scestrada.pt\/index.php\/campismo\/\" \/>\n<meta property=\"og:site_name\" content=\"Sporting Clube da Estrada\" \/>\n<meta property=\"article:modified_time\" content=\"2025-04-09T16:12:43+00:00\" \/>\n<meta property=\"og:image\" content=\"https:\/\/scestrada.pt\/wp-content\/uploads\/2025\/04\/scebanner20.jpg\" \/>\n\t<meta property=\"og:image:width\" content=\"2000\" \/>\n\t<meta property=\"og:image:height\" content=\"1000\" \/>\n\t<meta property=\"og:image:type\" content=\"image\/jpeg\" \/>\n<meta name=\"twitter:card\" content=\"summary_large_image\" \/>\n<meta name=\"twitter:label1\" content=\"Tempo estimado de leitura\" \/>\n\t<meta name=\"twitter:data1\" content=\"3 minutos\" \/>\n<script type=\"application\/ld+json\" class=\"yoast-schema-graph\">{\"@context\":\"https:\/\/schema.org\",\"@graph\":[{\"@type\":\"WebPage\",\"@id\":\"https:\/\/scestrada.pt\/index.php\/campismo\/\",\"url\":\"https:\/\/scestrada.pt\/index.php\/campismo\/\",\"name\":\"Campismo - Sporting Clube da Estrada\",\"isPartOf\":{\"@id\":\"https:\/\/scestrada.pt\/#website\"},\"primaryImageOfPage\":{\"@id\":\"https:\/\/scestrada.pt\/index.php\/campismo\/#primaryimage\"},\"image\":{\"@id\":\"https:\/\/scestrada.pt\/index.php\/campismo\/#primaryimage\"},\"thumbnailUrl\":\"https:\/\/scestrada.pt\/wp-content\/uploads\/2025\/04\/scebanner20.jpg\",\"datePublished\":\"2025-04-07T15:44:48+00:00\",\"dateModified\":\"2025-04-09T16:12:43+00:00\",\"breadcrumb\":{\"@id\":\"https:\/\/scestrada.pt\/index.php\/campismo\/#breadcrumb\"},\"inLanguage\":\"pt-PT\",\"potentialAction\":[{\"@type\":\"ReadAction\",\"target\":[\"https:\/\/scestrada.pt\/index.php\/campismo\/\"]}]},{\"@type\":\"ImageObject\",\"inLanguage\":\"pt-PT\",\"@id\":\"https:\/\/scestrada.pt\/index.php\/campismo\/#primaryimage\",\"url\":\"https:\/\/scestrada.pt\/wp-content\/uploads\/2025\/04\/scebanner20.jpg\",\"contentUrl\":\"https:\/\/scestrada.pt\/wp-content\/uploads\/2025\/04\/scebanner20.jpg\",\"width\":2000,\"height\":1000},{\"@type\":\"BreadcrumbList\",\"@id\":\"https:\/\/scestrada.pt\/index.php\/campismo\/#breadcrumb\",\"itemListElement\":[{\"@type\":\"ListItem\",\"position\":1,\"name\":\"In\u00edcio\",\"item\":\"https:\/\/scestrada.pt\/\"},{\"@type\":\"ListItem\",\"position\":2,\"name\":\"Campismo\"}]},{\"@type\":\"WebSite\",\"@id\":\"https:\/\/scestrada.pt\/#website\",\"url\":\"https:\/\/scestrada.pt\/\",\"name\":\"Sporting Clube da Estrada\",\"description\":\"\",\"potentialAction\":[{\"@type\":\"SearchAction\",\"target\":{\"@type\":\"EntryPoint\",\"urlTemplate\":\"https:\/\/scestrada.pt\/?s={search_term_string}\"},\"query-input\":{\"@type\":\"PropertyValueSpecification\",\"valueRequired\":true,\"valueName\":\"search_term_string\"}}],\"inLanguage\":\"pt-PT\"}]}<\/script>\n<!-- \/ Yoast SEO plugin. -->","yoast_head_json":{"title":"Campismo - Sporting Clube da Estrada","robots":{"index":"index","follow":"follow","max-snippet":"max-snippet:-1","max-image-preview":"max-image-preview:large","max-video-preview":"max-video-preview:-1"},"canonical":"https:\/\/scestrada.pt\/index.php\/campismo\/","og_locale":"pt_PT","og_type":"article","og_title":"Campismo - Sporting Clube da Estrada","og_description":"O Parque de Campismo do Sporting Clube da Estrada situa-se no Lugar da Estrada, junto \u00e0 praia da Consola\u00e7\u00e3o, perto de outras praias de refer\u00eancia da regi\u00e3o Oeste e perto de Peniche. Disp\u00f5e de in\u00fameros espa\u00e7os para campismo e caravanismo e de um vasto conjunto de servi\u00e7os de apoio ao campista.Para al\u00e9m de espa\u00e7os destinados &hellip; Continuar a ler \"Campismo\"","og_url":"https:\/\/scestrada.pt\/index.php\/campismo\/","og_site_name":"Sporting Clube da Estrada","article_modified_time":"2025-04-09T16:12:43+00:00","og_image":[{"width":2000,"height":1000,"url":"https:\/\/scestrada.pt\/wp-content\/uploads\/2025\/04\/scebanner20.jpg","type":"image\/jpeg"}],"twitter_card":"summary_large_image","twitter_misc":{"Tempo estimado de leitura":"3 minutos"},"schema":{"@context":"https:\/\/schema.org","@graph":[{"@type":"WebPage","@id":"https:\/\/scestrada.pt\/index.php\/campismo\/","url":"https:\/\/scestrada.pt\/index.php\/campismo\/","name":"Campismo - Sporting Clube da Estrada","isPartOf":{"@id":"https:\/\/scestrada.pt\/#website"},"primaryImageOfPage":{"@id":"https:\/\/scestrada.pt\/index.php\/campismo\/#primaryimage"},"image":{"@id":"https:\/\/scestrada.pt\/index.php\/campismo\/#primaryimage"},"thumbnailUrl":"https:\/\/scestrada.pt\/wp-content\/uploads\/2025\/04\/scebanner20.jpg","datePublished":"2025-04-07T15:44:48+00:00","dateModified":"2025-04-09T16:12:43+00:00","breadcrumb":{"@id":"https:\/\/scestrada.pt\/index.php\/campismo\/#breadcrumb"},"inLanguage":"pt-PT","potentialAction":[{"@type":"ReadAction","target":["https:\/\/scestrada.pt\/index.php\/campismo\/"]}]},{"@type":"ImageObject","inLanguage":"pt-PT","@id":"https:\/\/scestrada.pt\/index.php\/campismo\/#primaryimage","url":"https:\/\/scestrada.pt\/wp-content\/uploads\/2025\/04\/scebanner20.jpg","contentUrl":"https:\/\/scestrada.pt\/wp-content\/uploads\/2025\/04\/scebanner20.jpg","width":2000,"height":1000},{"@type":"BreadcrumbList","@id":"https:\/\/scestrada.pt\/index.php\/campismo\/#breadcrumb","itemListElement":[{"@type":"ListItem","position":1,"name":"In\u00edcio","item":"https:\/\/scestrada.pt\/"},{"@type":"ListItem","position":2,"name":"Campismo"}]},{"@type":"WebSite","@id":"https:\/\/scestrada.pt\/#website","url":"https:\/\/scestrada.pt\/","name":"Sporting Clube da Estrada","description":"","potentialAction":[{"@type":"SearchAction","target":{"@type":"EntryPoint","urlTemplate":"https:\/\/scestrada.pt\/?s={search_term_string}"},"query-input":{"@type":"PropertyValueSpecification","valueRequired":true,"valueName":"search_term_string"}}],"inLanguage":"pt-PT"}]}},"_links":{"self":[{"href":"https:\/\/scestrada.pt\/index.php\/wp-json\/wp\/v2\/pages\/15","targetHints":{"allow":["GET"]}}],"collection":[{"href":"https:\/\/scestrada.pt\/index.php\/wp-json\/wp\/v2\/pages"}],"about":[{"href":"https:\/\/scestrada.pt\/index.php\/wp-json\/wp\/v2\/types\/page"}],"author":[{"embeddable":true,"href":"https:\/\/scestrada.pt\/index.php\/wp-json\/wp\/v2\/users\/1"}],"replies":[{"embeddable":true,"href":"https:\/\/scestrada.pt\/index.php\/wp-json\/wp\/v2\/comments?post=15"}],"version-history":[{"count":10,"href":"https:\/\/scestrada.pt\/index.php\/wp-json\/wp\/v2\/pages\/15\/revisions"}],"predecessor-version":[{"id":128,"href":"https:\/\/scestrada.pt\/index.php\/wp-json\/wp\/v2\/pages\/15\/revisions\/128"}],"wp:featuredmedia":[{"embeddable":true,"href":"https:\/\/scestrada.pt\/index.php\/wp-json\/wp\/v2\/media\/88"}],"wp:attachment":[{"href":"https:\/\/scestrada.pt\/index.php\/wp-json\/wp\/v2\/media?parent=15"}],"curies":[{"name":"wp","href":"https:\/\/api.w.org\/{rel}","templated":true}]}}